{"id":1412,"date":"2023-05-08T16:02:01","date_gmt":"2023-05-08T21:02:01","guid":{"rendered":"https:\/\/geotecniaycimentaciones.com.co\/?page_id=1412"},"modified":"2024-04-16T17:03:24","modified_gmt":"2024-04-16T22:03:24","slug":"elementor-1412","status":"publish","type":"page","link":"https:\/\/geotecniaycimentaciones.com.co\/en\/elementor-1412\/","title":{"rendered":"Instrumentation"},"content":{"rendered":"<div data-elementor-type=\"wp-page\" data-elementor-id=\"1412\" class=\"elementor elementor-1412\">\n\t\t\t\t\t\t\t\t\t<section class=\"elementor-section elementor-top-section elementor-element elementor-element-509affd elementor-section-full_width elementor-section-height-min-height elementor-section-height-default elementor-section-items-middle\" data-id=\"509affd\" data-element_type=\"section\" data-settings=\"{&quot;background_background&quot;:&quot;classic&quot;}\">\n\t\t\t\t\t\t\t<div class=\"elementor-background-overlay\"><\/div>\n\t\t\t\t\t\t\t<div class=\"elementor-container elementor-column-gap-default\">\n\t\t\t\t\t<div class=\"elementor-column elementor-col-100 elementor-top-column elementor-element elementor-element-689016d\" data-id=\"689016d\" data-element_type=\"column\">\n\t\t\t<div class=\"elementor-widget-wrap elementor-element-populated\">\n\t\t\t\t\t\t\t\t<div class=\"elementor-element elementor-element-69e38ca elementor-widget elementor-widget-heading\" data-id=\"69e38ca\" data-element_type=\"widget\" data-widget_type=\"heading.default\">\n\t\t\t\t<div class=\"elementor-widget-container\">\n\t\t\t<style>\/*! elementor - v3.10.2 - 29-01-2023 *\/\n.elementor-heading-title{padding:0;margin:0;line-height:1}.elementor-widget-heading .elementor-heading-title[class*=elementor-size-]>a{color:inherit;font-size:inherit;line-height:inherit}.elementor-widget-heading .elementor-heading-title.elementor-size-small{font-size:15px}.elementor-widget-heading .elementor-heading-title.elementor-size-medium{font-size:19px}.elementor-widget-heading .elementor-heading-title.elementor-size-large{font-size:29px}.elementor-widget-heading .elementor-heading-title.elementor-size-xl{font-size:39px}.elementor-widget-heading .elementor-heading-title.elementor-size-xxl{font-size:59px}<\/style><h2 class=\"elementor-heading-title elementor-size-default\">Instrumentation<\/h2>\t\t<\/div>\n\t\t\t\t<\/div>\n\t\t\t\t\t<\/div>\n\t\t<\/div>\n\t\t\t\t\t\t\t<\/div>\n\t\t<\/section>\n\t\t\t\t<section class=\"elementor-section elementor-top-section elementor-element elementor-element-d180dd6 elementor-section-boxed elementor-section-height-default elementor-section-height-default\" data-id=\"d180dd6\" data-element_type=\"section\">\n\t\t\t\t\t\t<div class=\"elementor-container elementor-column-gap-default\">\n\t\t\t\t\t<div class=\"elementor-column elementor-col-100 elementor-top-column elementor-element elementor-element-3d862f2\" data-id=\"3d862f2\" data-element_type=\"column\">\n\t\t\t<div class=\"elementor-widget-wrap elementor-element-populated\">\n\t\t\t\t\t\t\t\t<div class=\"elementor-element elementor-element-0b537d9 elementor-widget elementor-widget-image\" data-id=\"0b537d9\" data-element_type=\"widget\" data-widget_type=\"image.default\">\n\t\t\t\t<div class=\"elementor-widget-container\">\n\t\t\t<style>\/*! elementor - v3.10.2 - 29-01-2023 *\/\n.elementor-widget-image{text-align:center}.elementor-widget-image a{display:inline-block}.elementor-widget-image a img[src$=\".svg\"]{width:48px}.elementor-widget-image img{vertical-align:middle;display:inline-block}<\/style>\t\t\t\t\t\t\t\t\t\t\t\t<img loading=\"lazy\" decoding=\"async\" width=\"768\" height=\"512\" src=\"https:\/\/geotecniaycimentaciones.com.co\/wp-content\/uploads\/2021\/11\/exploracion-servicio-768x512.jpeg\" class=\"attachment-medium_large size-medium_large wp-image-528\" alt=\"\" srcset=\"https:\/\/geotecniaycimentaciones.com.co\/wp-content\/uploads\/2021\/11\/exploracion-servicio-768x512.jpeg 768w, https:\/\/geotecniaycimentaciones.com.co\/wp-content\/uploads\/2021\/11\/exploracion-servicio-300x200.jpeg 300w, https:\/\/geotecniaycimentaciones.com.co\/wp-content\/uploads\/2021\/11\/exploracion-servicio.jpeg 900w\" sizes=\"(max-width: 768px) 100vw, 768px\" \/>\t\t\t\t\t\t\t\t\t\t\t\t\t\t\t<\/div>\n\t\t\t\t<\/div>\n\t\t\t\t<div class=\"elementor-element elementor-element-7cc0cea elementor-widget elementor-widget-heading\" data-id=\"7cc0cea\" data-element_type=\"widget\" data-widget_type=\"heading.default\">\n\t\t\t\t<div class=\"elementor-widget-container\">\n\t\t\t<h3 class=\"elementor-heading-title elementor-size-default\">Instrumentaci\u00f3n Geot\u00e9cnica<\/h3>\t\t<\/div>\n\t\t\t\t<\/div>\n\t\t\t\t<div class=\"elementor-element elementor-element-7a43127 elementor-widget elementor-widget-text-editor\" data-id=\"7a43127\" data-element_type=\"widget\" data-widget_type=\"text-editor.default\">\n\t\t\t\t<div class=\"elementor-widget-container\">\n\t\t\t<style>\/*! elementor - v3.10.2 - 29-01-2023 *\/\n.elementor-widget-text-editor.elementor-drop-cap-view-stacked .elementor-drop-cap{background-color:#818a91;color:#fff}.elementor-widget-text-editor.elementor-drop-cap-view-framed .elementor-drop-cap{color:#818a91;border:3px solid;background-color:transparent}.elementor-widget-text-editor:not(.elementor-drop-cap-view-default) .elementor-drop-cap{margin-top:8px}.elementor-widget-text-editor:not(.elementor-drop-cap-view-default) .elementor-drop-cap-letter{width:1em;height:1em}.elementor-widget-text-editor .elementor-drop-cap{float:left;text-align:center;line-height:1;font-size:50px}.elementor-widget-text-editor .elementor-drop-cap-letter{display:inline-block}<\/style>\t\t\t\t<ul style=\"font-size: 15px; font-style: normal; font-weight: 400;\"><li id=\"_Rls73ct0MzPEEN\" dir=\"ltr\" style=\"font-size: 15px;\">Dise\u00f1o plan de monitoreo<\/li><li id=\"_w9lFTN0SIMTwQO\" dir=\"ltr\" style=\"font-size: 15px;\">Instalaciones<\/li><li id=\"_oQUytiscQdRmXD\" dir=\"ltr\" style=\"font-size: 15px;\">Seguimiento e interpretaci\u00f3n<\/li><li id=\"_bEgK4tgnj6Ptaz\" dir=\"ltr\" style=\"font-size: 15px;\">Acompa\u00f1amiento geot\u00e9cnico<\/li><li id=\"_cFYsQQQk0ZxHbW\" dir=\"ltr\" style=\"font-size: 15px;\">Detecci\u00f3n y seguimiento nivel fre\u00e1tico (piez\u00f3metro &#8211; Casagrande)<\/li><li id=\"_zzbCUyI0oaX0XU\" dir=\"ltr\" style=\"font-size: 15px;\">Monitoreo de deformaciones estructurales (strain gauge)<\/li><li id=\"_q157yOEpqSr9bh\" dir=\"ltr\" style=\"font-size: 15px;\">Celdas de carga<\/li><li id=\"_LnAkVESFuEm5n7\" dir=\"ltr\" style=\"font-size: 15px;\">Celdas hidr\u00e1ulicas<\/li><li id=\"_hr25STFhFOFhUK\" dir=\"ltr\" style=\"font-size: 15px;\">Movimientos estructurales (Clin\u00f3metros)<\/li><li id=\"_XS2PYPIIuog89O\" dir=\"ltr\" style=\"font-size: 15px;\">Seguimiento posici\u00f3n niveles fre\u00e1ticos (Piez\u00f3metro tubo abierto)<\/li><li id=\"_WaNqKGfC7qpeC5\" dir=\"ltr\" style=\"font-size: 15px;\">Control de deformaciones horizontales (Inclin\u00f3metros V)<\/li><li id=\"_DKPOTrqKLxLpCF\" dir=\"ltr\" style=\"font-size: 15px;\">Monitoreo de asentamientos y rebotes (extens\u00f3metros)<\/li><li id=\"_X9OvncO5P9oLaV\" dir=\"ltr\" style=\"font-size: 15px;\">Medici\u00f3n de presiones (Piexometro Hilo ibratil)<\/li><li id=\"_PPIbsrLM3yMDpF\" dir=\"ltr\" style=\"font-size: 15px;\">Seguimiento de fisuras (Fisur\u00f3metro)<\/li><li id=\"_WOUCD1NG3pynD8\" dir=\"ltr\" style=\"font-size: 15px;\">Automatizaci\u00f3n de los instrumentos<\/li><\/ul>\t\t\t\t\t\t<\/div>\n\t\t\t\t<\/div>\n\t\t\t\t\t<\/div>\n\t\t<\/div>\n\t\t\t\t\t\t\t<\/div>\n\t\t<\/section>\n\t\t\t\t<section class=\"elementor-section elementor-top-section elementor-element elementor-element-7379652 elementor-section-boxed elementor-section-height-default elementor-section-height-default\" data-id=\"7379652\" data-element_type=\"section\">\n\t\t\t\t\t\t<div class=\"elementor-container elementor-column-gap-default\">\n\t\t\t\t\t<div class=\"elementor-column elementor-col-100 elementor-top-column elementor-element elementor-element-ff400a4\" data-id=\"ff400a4\" data-element_type=\"column\">\n\t\t\t<div class=\"elementor-widget-wrap elementor-element-populated\">\n\t\t\t\t\t\t\t\t<div class=\"elementor-element elementor-element-3dfea25 elementor-widget elementor-widget-heading\" data-id=\"3dfea25\" data-element_type=\"widget\" data-widget_type=\"heading.default\">\n\t\t\t\t<div class=\"elementor-widget-container\">\n\t\t\t<h3 class=\"elementor-heading-title elementor-size-default\">Special proofs<\/h3>\t\t<\/div>\n\t\t\t\t<\/div>\n\t\t\t\t<div class=\"elementor-element elementor-element-629907f elementor-widget elementor-widget-text-editor\" data-id=\"629907f\" data-element_type=\"widget\" data-widget_type=\"text-editor.default\">\n\t\t\t\t<div class=\"elementor-widget-container\">\n\t\t\t\t\t\t\t<ul style=\"font-size: 15px; font-style: normal; font-weight: 400;\"><li id=\"_Zfa8wVWKgZwXOY\" dir=\"ltr\" style=\"font-size: 15px;\">Prueba de integridad de pilotes<\/li><\/ul>\t\t\t\t\t\t<\/div>\n\t\t\t\t<\/div>\n\t\t\t\t\t<\/div>\n\t\t<\/div>\n\t\t\t\t\t\t\t<\/div>\n\t\t<\/section>\n\t\t\t\t\t\t\t<\/div>","protected":false},"excerpt":{"rendered":"<p>Instrumentaci\u00f3n Instrumentaci\u00f3n Geot\u00e9cnica Dise\u00f1o plan de monitoreo Instalaciones Seguimiento e interpretaci\u00f3n Acompa\u00f1amiento geot\u00e9cnico Detecci\u00f3n y seguimiento nivel fre\u00e1tico (piez\u00f3metro &#8211; Casagrande) Monitoreo de deformaciones estructurales (strain gauge) Celdas de carga Celdas hidr\u00e1ulicas Movimientos estructurales (Clin\u00f3metros) Seguimiento posici\u00f3n niveles fre\u00e1ticos (Piez\u00f3metro tubo abierto) Control de deformaciones horizontales (Inclin\u00f3metros V) Monitoreo de asentamientos y rebotes (extens\u00f3metros) Medici\u00f3n &hellip;<\/p>\n<p class=\"read-more\"> <a class=\"\" href=\"https:\/\/geotecniaycimentaciones.com.co\/en\/elementor-1412\/\"> <span class=\"screen-reader-text\">Instrumentation<\/span> Read More &raquo;<\/a><\/p>","protected":false},"author":3,"featured_media":0,"parent":0,"menu_order":0,"comment_status":"closed","ping_status":"closed","template":"","meta":{"site-sidebar-layout":"no-sidebar","site-content-layout":"page-builder","ast-global-header-display":"","ast-main-header-display":"","ast-hfb-above-header-display":"","ast-hfb-below-header-display":"","ast-hfb-mobile-header-display":"","site-post-title":"disabled","ast-breadcrumbs-content":"","ast-featured-img":"disabled","footer-sml-layout":"","theme-transparent-header-meta":"","adv-header-id-meta":"","stick-header-meta":"","header-above-stick-meta":"","header-main-stick-meta":"","header-below-stick-meta":"","footnotes":""},"_links":{"self":[{"href":"https:\/\/geotecniaycimentaciones.com.co\/en\/wp-json\/wp\/v2\/pages\/1412"}],"collection":[{"href":"https:\/\/geotecniaycimentaciones.com.co\/en\/wp-json\/wp\/v2\/pages"}],"about":[{"href":"https:\/\/geotecniaycimentaciones.com.co\/en\/wp-json\/wp\/v2\/types\/page"}],"author":[{"embeddable":true,"href":"https:\/\/geotecniaycimentaciones.com.co\/en\/wp-json\/wp\/v2\/users\/3"}],"replies":[{"embeddable":true,"href":"https:\/\/geotecniaycimentaciones.com.co\/en\/wp-json\/wp\/v2\/comments?post=1412"}],"version-history":[{"count":41,"href":"https:\/\/geotecniaycimentaciones.com.co\/en\/wp-json\/wp\/v2\/pages\/1412\/revisions"}],"predecessor-version":[{"id":3293,"href":"https:\/\/geotecniaycimentaciones.com.co\/en\/wp-json\/wp\/v2\/pages\/1412\/revisions\/3293"}],"wp:attachment":[{"href":"https:\/\/geotecniaycimentaciones.com.co\/en\/wp-json\/wp\/v2\/media?parent=1412"}],"curies":[{"name":"wp","href":"https:\/\/api.w.org\/{rel}","templated":true}]}}