{"id":713,"date":"2021-11-23T01:27:16","date_gmt":"2021-11-23T01:27:16","guid":{"rendered":"http:\/\/geotecniaycimentaciones.com.co\/?page_id=713"},"modified":"2023-05-11T08:26:43","modified_gmt":"2023-05-11T13:26:43","slug":"construyendo-pais","status":"publish","type":"page","link":"https:\/\/geotecniaycimentaciones.com.co\/en\/construyendo-pais\/","title":{"rendered":"Building Country"},"content":{"rendered":"<div data-elementor-type=\"wp-page\" data-elementor-id=\"713\" class=\"elementor elementor-713\">\n\t\t\t\t\t\t\t\t\t<section class=\"elementor-section elementor-top-section elementor-element elementor-element-4cb33f6 elementor-section-full_width elementor-section-height-min-height elementor-section-height-default elementor-section-items-middle\" data-id=\"4cb33f6\" data-element_type=\"section\" data-settings=\"{&quot;background_background&quot;:&quot;classic&quot;}\">\n\t\t\t\t\t\t\t<div class=\"elementor-background-overlay\"><\/div>\n\t\t\t\t\t\t\t<div class=\"elementor-container elementor-column-gap-default\">\n\t\t\t\t\t<div class=\"elementor-column elementor-col-100 elementor-top-column elementor-element elementor-element-595d192\" data-id=\"595d192\" data-element_type=\"column\">\n\t\t\t<div class=\"elementor-widget-wrap elementor-element-populated\">\n\t\t\t\t\t\t\t\t<div class=\"elementor-element elementor-element-c6abf5a elementor-widget elementor-widget-heading\" data-id=\"c6abf5a\" data-element_type=\"widget\" data-widget_type=\"heading.default\">\n\t\t\t\t<div class=\"elementor-widget-container\">\n\t\t\t<style>\/*! elementor - v3.10.2 - 29-01-2023 *\/\n.elementor-heading-title{padding:0;margin:0;line-height:1}.elementor-widget-heading .elementor-heading-title[class*=elementor-size-]>a{color:inherit;font-size:inherit;line-height:inherit}.elementor-widget-heading .elementor-heading-title.elementor-size-small{font-size:15px}.elementor-widget-heading .elementor-heading-title.elementor-size-medium{font-size:19px}.elementor-widget-heading .elementor-heading-title.elementor-size-large{font-size:29px}.elementor-widget-heading .elementor-heading-title.elementor-size-xl{font-size:39px}.elementor-widget-heading .elementor-heading-title.elementor-size-xxl{font-size:59px}<\/style><h2 class=\"elementor-heading-title elementor-size-default\">Quienes Somos<\/h2>\t\t<\/div>\n\t\t\t\t<\/div>\n\t\t\t\t\t<\/div>\n\t\t<\/div>\n\t\t\t\t\t\t\t<\/div>\n\t\t<\/section>\n\t\t\t\t<section class=\"elementor-section elementor-top-section elementor-element elementor-element-91e4525 elementor-section-content-middle elementor-section-boxed elementor-section-height-default elementor-section-height-default\" data-id=\"91e4525\" data-element_type=\"section\">\n\t\t\t\t\t\t<div class=\"elementor-container elementor-column-gap-default\">\n\t\t\t\t\t<div class=\"elementor-column elementor-col-100 elementor-top-column elementor-element elementor-element-8d6a24d\" data-id=\"8d6a24d\" data-element_type=\"column\">\n\t\t\t<div class=\"elementor-widget-wrap elementor-element-populated\">\n\t\t\t\t\t\t\t\t<section class=\"elementor-section elementor-inner-section elementor-element elementor-element-aa53071 elementor-section-boxed elementor-section-height-default elementor-section-height-default\" data-id=\"aa53071\" data-element_type=\"section\">\n\t\t\t\t\t\t<div class=\"elementor-container elementor-column-gap-default\">\n\t\t\t\t\t<div class=\"elementor-column elementor-col-50 elementor-inner-column elementor-element elementor-element-1e1f465\" data-id=\"1e1f465\" data-element_type=\"column\">\n\t\t\t<div class=\"elementor-widget-wrap elementor-element-populated\">\n\t\t\t\t\t\t\t\t<div class=\"elementor-element elementor-element-ae17c31 elementor-widget elementor-widget-text-editor\" data-id=\"ae17c31\" data-element_type=\"widget\" data-widget_type=\"text-editor.default\">\n\t\t\t\t<div class=\"elementor-widget-container\">\n\t\t\t<style>\/*! elementor - v3.10.2 - 29-01-2023 *\/\n.elementor-widget-text-editor.elementor-drop-cap-view-stacked .elementor-drop-cap{background-color:#818a91;color:#fff}.elementor-widget-text-editor.elementor-drop-cap-view-framed .elementor-drop-cap{color:#818a91;border:3px solid;background-color:transparent}.elementor-widget-text-editor:not(.elementor-drop-cap-view-default) .elementor-drop-cap{margin-top:8px}.elementor-widget-text-editor:not(.elementor-drop-cap-view-default) .elementor-drop-cap-letter{width:1em;height:1em}.elementor-widget-text-editor .elementor-drop-cap{float:left;text-align:center;line-height:1;font-size:50px}.elementor-widget-text-editor .elementor-drop-cap-letter{display:inline-block}<\/style>\t\t\t\t<p>Somos una empresa de ingenier\u00eda geotecnica con m\u00e1s de 30 a\u00f1os de experiencia, contamos con una capacidad operativa para actuar en todo el pa\u00eds en proyectos de baja, mediana y alta complejidad.<\/p><p style=\"font-size: 15px; font-style: normal; font-weight: 400;\">Ofrecemos un amplio portafolio de servicios que incluyen especialidades afines a la Geotecnia como Ingenier\u00eda de Pavimentos e Instrumentaci\u00f3n, as\u00ed como la integraci\u00f3n y Coordinaci\u00f3n de todas las \u00e1reas de dise\u00f1o en proyectos de Infraestructura vial.<\/p><p style=\"font-size: 15px; font-style: normal; font-weight: 400;\">Trabajamos con un enfoque en valores, especializ\u00e1ndose en \u00e9l servicio al cliente y la excelencia t\u00e9cnica.<\/p><p style=\"font-size: 15px; font-style: normal; font-weight: 400;\">\u00a0<\/p>\t\t\t\t\t\t<\/div>\n\t\t\t\t<\/div>\n\t\t\t\t\t<\/div>\n\t\t<\/div>\n\t\t\t\t<div class=\"elementor-column elementor-col-50 elementor-inner-column elementor-element elementor-element-68ad0e3\" data-id=\"68ad0e3\" data-element_type=\"column\">\n\t\t\t<div class=\"elementor-widget-wrap elementor-element-populated\">\n\t\t\t\t\t\t\t\t<div class=\"elementor-element elementor-element-b20895c elementor-widget elementor-widget-image\" data-id=\"b20895c\" data-element_type=\"widget\" data-widget_type=\"image.default\">\n\t\t\t\t<div class=\"elementor-widget-container\">\n\t\t\t<style>\/*! elementor - v3.10.2 - 29-01-2023 *\/\n.elementor-widget-image{text-align:center}.elementor-widget-image a{display:inline-block}.elementor-widget-image a img[src$=\".svg\"]{width:48px}.elementor-widget-image img{vertical-align:middle;display:inline-block}<\/style>\t\t\t\t\t\t\t\t\t\t\t\t<img loading=\"lazy\" decoding=\"async\" width=\"770\" height=\"400\" src=\"https:\/\/geotecniaycimentaciones.com.co\/wp-content\/uploads\/2021\/11\/proc-image-3-1.jpeg\" class=\"attachment-large size-large wp-image-715\" alt=\"\" srcset=\"https:\/\/geotecniaycimentaciones.com.co\/wp-content\/uploads\/2021\/11\/proc-image-3-1.jpeg 770w, https:\/\/geotecniaycimentaciones.com.co\/wp-content\/uploads\/2021\/11\/proc-image-3-1-300x156.jpeg 300w, https:\/\/geotecniaycimentaciones.com.co\/wp-content\/uploads\/2021\/11\/proc-image-3-1-768x399.jpeg 768w\" sizes=\"(max-width: 770px) 100vw, 770px\" \/>\t\t\t\t\t\t\t\t\t\t\t\t\t\t\t<\/div>\n\t\t\t\t<\/div>\n\t\t\t\t\t<\/div>\n\t\t<\/div>\n\t\t\t\t\t\t\t<\/div>\n\t\t<\/section>\n\t\t\t\t\t<\/div>\n\t\t<\/div>\n\t\t\t\t\t\t\t<\/div>\n\t\t<\/section>\n\t\t\t\t<section class=\"elementor-section elementor-top-section elementor-element elementor-element-aef1183 elementor-section-full_width elementor-section-height-min-height elementor-section-height-default elementor-section-items-middle\" data-id=\"aef1183\" data-element_type=\"section\">\n\t\t\t\t\t\t\t<div class=\"elementor-background-overlay\"><\/div>\n\t\t\t\t\t\t\t<div class=\"elementor-container elementor-column-gap-default\">\n\t\t\t\t\t<div class=\"elementor-column elementor-col-33 elementor-top-column elementor-element elementor-element-a50e0a3\" data-id=\"a50e0a3\" data-element_type=\"column\">\n\t\t\t<div class=\"elementor-widget-wrap\">\n\t\t\t\t\t\t\t\t\t<\/div>\n\t\t<\/div>\n\t\t\t\t<div class=\"elementor-column elementor-col-33 elementor-top-column elementor-element elementor-element-bb199d6\" data-id=\"bb199d6\" data-element_type=\"column\">\n\t\t\t<div class=\"elementor-widget-wrap elementor-element-populated\">\n\t\t\t\t\t\t\t\t<div class=\"elementor-element elementor-element-a8dcbd6 elementor-widget elementor-widget-heading\" data-id=\"a8dcbd6\" data-element_type=\"widget\" data-widget_type=\"heading.default\">\n\t\t\t\t<div class=\"elementor-widget-container\">\n\t\t\t<h2 class=\"elementor-heading-title elementor-size-default\">Our services and subsidies are:\n<\/h2>\t\t<\/div>\n\t\t\t\t<\/div>\n\t\t\t\t<div class=\"elementor-element elementor-element-6f2ae0f elementor-widget elementor-widget-text-editor\" data-id=\"6f2ae0f\" data-element_type=\"widget\" data-widget_type=\"text-editor.default\">\n\t\t\t\t<div class=\"elementor-widget-container\">\n\t\t\t\t\t\t\t<p>Decent housing - Decent health - Help in domestic calamities - Corporate counseling: Psychological support - family and individual couple therapies - Financial Coach - Personal Development Plan<\/p>\t\t\t\t\t\t<\/div>\n\t\t\t\t<\/div>\n\t\t\t\t\t<\/div>\n\t\t<\/div>\n\t\t\t\t<div class=\"elementor-column elementor-col-33 elementor-top-column elementor-element elementor-element-c6712ff\" data-id=\"c6712ff\" data-element_type=\"column\">\n\t\t\t<div class=\"elementor-widget-wrap\">\n\t\t\t\t\t\t\t\t\t<\/div>\n\t\t<\/div>\n\t\t\t\t\t\t\t<\/div>\n\t\t<\/section>\n\t\t\t\t\t\t\t<\/div>","protected":false},"excerpt":{"rendered":"<p>Quienes Somos Somos una empresa de ingenier\u00eda geotecnica con m\u00e1s de 30 a\u00f1os de experiencia, contamos con una capacidad operativa para actuar en todo el pa\u00eds en proyectos de baja, mediana y alta complejidad. Ofrecemos un amplio portafolio de servicios que incluyen especialidades afines a la Geotecnia como Ingenier\u00eda de Pavimentos e Instrumentaci\u00f3n, as\u00ed como &hellip;<\/p>\n<p class=\"read-more\"> <a class=\"\" href=\"https:\/\/geotecniaycimentaciones.com.co\/en\/construyendo-pais\/\"> <span class=\"screen-reader-text\">Building Country<\/span> Read More &raquo;<\/a><\/p>","protected":false},"author":1,"featured_media":0,"parent":0,"menu_order":0,"comment_status":"closed","ping_status":"closed","template":"","meta":{"site-sidebar-layout":"no-sidebar","site-content-layout":"page-builder","ast-global-header-display":"","ast-main-header-display":"","ast-hfb-above-header-display":"","ast-hfb-below-header-display":"","ast-hfb-mobile-header-display":"","site-post-title":"disabled","ast-breadcrumbs-content":"","ast-featured-img":"disabled","footer-sml-layout":"","theme-transparent-header-meta":"","adv-header-id-meta":"","stick-header-meta":"","header-above-stick-meta":"","header-main-stick-meta":"","header-below-stick-meta":"","footnotes":""},"_links":{"self":[{"href":"https:\/\/geotecniaycimentaciones.com.co\/en\/wp-json\/wp\/v2\/pages\/713"}],"collection":[{"href":"https:\/\/geotecniaycimentaciones.com.co\/en\/wp-json\/wp\/v2\/pages"}],"about":[{"href":"https:\/\/geotecniaycimentaciones.com.co\/en\/wp-json\/wp\/v2\/types\/page"}],"author":[{"embeddable":true,"href":"https:\/\/geotecniaycimentaciones.com.co\/en\/wp-json\/wp\/v2\/users\/1"}],"replies":[{"embeddable":true,"href":"https:\/\/geotecniaycimentaciones.com.co\/en\/wp-json\/wp\/v2\/comments?post=713"}],"version-history":[{"count":29,"href":"https:\/\/geotecniaycimentaciones.com.co\/en\/wp-json\/wp\/v2\/pages\/713\/revisions"}],"predecessor-version":[{"id":2265,"href":"https:\/\/geotecniaycimentaciones.com.co\/en\/wp-json\/wp\/v2\/pages\/713\/revisions\/2265"}],"wp:attachment":[{"href":"https:\/\/geotecniaycimentaciones.com.co\/en\/wp-json\/wp\/v2\/media?parent=713"}],"curies":[{"name":"wp","href":"https:\/\/api.w.org\/{rel}","templated":true}]}}